{"id":104,"date":"2009-02-12T17:14:39","date_gmt":"2009-02-12T16:14:39","guid":{"rendered":"http:\/\/wp.molineros.de\/?page_id=104"},"modified":"2024-11-05T17:03:55","modified_gmt":"2024-11-05T16:03:55","slug":"willkommen","status":"publish","type":"page","link":"https:\/\/www.molineros.de\/","title":{"rendered":"Casa Molineros in Javea"},"content":{"rendered":"<p><strong>Wir vermieten das Haus in den Sommermonaten Mai bis August zum Gesamtpreis von<br \/>\n2400 \u20ac f\u00fcr&nbsp; 2 Wochen (Mindestmietdauer)&nbsp; inkl. allen Nebenkosten zzgl. Klimaanlage<br \/>\njeder weitere Tag kostet 160\u20ac<br \/>\n(dieser Preis gilt bei bis zu 3 Personen , jede weitere Person zzgl.&nbsp; 10\u20ac pro Tag)<\/strong><\/p>\n<p>&#8211; abgeschlossenes Grundst\u00fcck<br \/>\n&#8211; gro\u00dfer , privater Pool (daher bitte keine Nichtschwimmer und Hunde)<br \/>\n&#8211; Wohn\/Esszimmer mt gro\u00dfer Terrasse und Weitblick<br \/>\n&#8211; K\u00fcche<br \/>\n&#8211; 1 gro\u00dfes Schlafzimmer mit&nbsp; Badezimmer und&nbsp; Patio mit Ausgang zum Poolbereich<br \/>\n&#8211; 2 kleine Schlafzimmer<br \/>\n&#8211; 1 zweites&nbsp; Badezimmer<br \/>\n&#8211;&nbsp; maximal 5 Personen<\/p>\n<p style=\"padding-left: 40px; text-align: left;\">Haus und Grundst\u00fcck werden nur von Ihnen bewohnt und eignen sich sehr gut&nbsp; f\u00fcr Paare oder Familien mit bis zu 3 Kindern .<\/p>\n<p>&nbsp;<\/p>\n<p><strong>Javea<\/strong> (valenciano <strong>Xabia<\/strong>) liegt am \u00f6stlichsten Punkt des Landes Valencia gegen\u00fcber der Insel Ibiza . Die n\u00e4chsten Flugh\u00e4fen sind Valencia und Alicante (je ca 100km)<br \/>\nDurchgehende Autobahnverbindung bis 30 km vor Javea&nbsp;<\/p>\n<p><strong>In Fu\u00dfweite<\/strong> : t\u00e4glich ge\u00f6ffneter Supermarkt, einige Restaurants und die Badebucht <strong>Cala Blanca<\/strong><\/p>\n<p><strong>Wer Strandleben will, besucht den Arenal Sandstrand mit seiner Promenade , Spielpl\u00e4tzen , Restaurants , Cafes und Bars (ca 2 km entfernt)<\/strong><\/p>\n<hr>\n<h3><a href=\"https:\/\/www.molineros.de\/?page_id=31\">Hier stellen wir unser Haus &#8222;Casa Molineros&#8220; vor<\/a>&nbsp; <a href=\" https:\/\/www.molineros.de\/?page_id=31\"><img loading=\"lazy\" decoding=\"async\" class=\"alignnone wp-image-391 size-medium\" title=\"khaus\" src=\"https:\/\/www.molineros.de\/wp-content\/uploads\/AUssen-1-300x225.jpg\" alt=\"\" width=\"300\" height=\"225\" srcset=\"https:\/\/www.molineros.de\/wp-content\/uploads\/AUssen-1-300x225.jpg 300w, https:\/\/www.molineros.de\/wp-content\/uploads\/AUssen-1-768x576.jpg 768w, https:\/\/www.molineros.de\/wp-content\/uploads\/AUssen-1.jpg 800w\" sizes=\"auto, (max-width: 300px) 100vw, 300px\" \/><\/a><\/h3>\n<div>&nbsp;<\/div>\n<hr data-wp-editing=\"1\">\n<a href=\"https:\/\/www.molineros.de\/&amp;print=1\" title=\"Artkel drucken\" rel=\"nofollow\"><img decoding=\"async\" class=\"WP-PrintIcon\" src=\"https:\/\/www.molineros.de\/wp-content\/plugins\/wp-print\/images\/print.gif\" alt=\"Artkel drucken\" title=\"Artkel drucken\" style=\"border: 0px;\" \/><\/a>&nbsp;<a href=\"https:\/\/www.molineros.de\/&amp;print=1\" title=\"Artkel drucken\" rel=\"nofollow\">Artkel drucken<\/a>\n<p><!--Anfang Ferienhausmarkt.com Code --><br \/>\n<a href=\"https:\/\/www.ferienhausmarkt.com\/region\/costa-blanca\/\">Ferienhaus Costa Blanca<\/a><br \/>\nund <a href=\"https:\/\/www.strandurlaub-nordsee.com\/\">Ferienwohnungen Nordsee<\/a> von privat mieten<br \/>\n<!--ENDE Ferienhausmarkt Code --><\/p>\n","protected":false},"excerpt":{"rendered":"<p>Wir vermieten das Haus in den Sommermonaten Mai bis August zum Gesamtpreis von 2400 \u20ac f\u00fcr&nbsp; 2 Wochen (Mindestmietdauer)&nbsp; inkl. allen Nebenkosten zzgl. Klimaanlage jeder weitere Tag kostet 160\u20ac (dieser Preis gilt bei bis zu 3 Personen , jede weitere Person zzgl.&nbsp; 10\u20ac pro Tag) &#8211; abgeschlossenes Grundst\u00fcck &#8211; gro\u00dfer , privater Pool (daher bitte keine Nichtschwimmer und Hunde) &#8211;<\/p>\n","protected":false},"author":1,"featured_media":0,"parent":0,"menu_order":0,"comment_status":"closed","ping_status":"closed","template":"","meta":{"ngg_post_thumbnail":0,"footnotes":""},"class_list":["post-104","page","type-page","status-publish","hentry"],"_links":{"self":[{"href":"https:\/\/www.molineros.de\/index.php?rest_route=\/wp\/v2\/pages\/104","targetHints":{"allow":["GET"]}}],"collection":[{"href":"https:\/\/www.molineros.de\/index.php?rest_route=\/wp\/v2\/pages"}],"about":[{"href":"https:\/\/www.molineros.de\/index.php?rest_route=\/wp\/v2\/types\/page"}],"author":[{"embeddable":true,"href":"https:\/\/www.molineros.de\/index.php?rest_route=\/wp\/v2\/users\/1"}],"replies":[{"embeddable":true,"href":"https:\/\/www.molineros.de\/index.php?rest_route=%2Fwp%2Fv2%2Fcomments&post=104"}],"version-history":[{"count":116,"href":"https:\/\/www.molineros.de\/index.php?rest_route=\/wp\/v2\/pages\/104\/revisions"}],"predecessor-version":[{"id":547,"href":"https:\/\/www.molineros.de\/index.php?rest_route=\/wp\/v2\/pages\/104\/revisions\/547"}],"wp:attachment":[{"href":"https:\/\/www.molineros.de\/index.php?rest_route=%2Fwp%2Fv2%2Fmedia&parent=104"}],"curies":[{"name":"wp","href":"https:\/\/api.w.org\/{rel}","templated":true}]}}