{"id":20,"date":"2009-02-12T09:35:33","date_gmt":"2009-02-12T08:35:33","guid":{"rendered":"http:\/\/wp.molineros.de\/?page_id=20"},"modified":"2022-01-07T12:48:28","modified_gmt":"2022-01-07T11:48:28","slug":"fotogalerien","status":"publish","type":"page","link":"https:\/\/www.molineros.de\/?page_id=20","title":{"rendered":"Aussen"},"content":{"rendered":"<p>Das Haus ist freistehend und besitzt nur ein Nachbarhaus . Die uml\u00edegenden Str\u00e4\u00dfchen sind&nbsp;wenig befahren .<br \/>\nDas Grundst\u00fcck ist von Hecken umgeben und daher kaum einsehbar.<br \/>\nMan findet zu jeder Zeit sonnige und schattige Pl\u00e4tze f\u00fcr den Liegestuhl.<br \/>\nngg_shortcode_0_placeholder&nbsp;&nbsp;&nbsp;&nbsp;&nbsp;&nbsp;&nbsp;&nbsp;&nbsp;&nbsp;&nbsp;&nbsp;&nbsp;&nbsp;&nbsp;&nbsp;&nbsp;<\/p>\n","protected":false},"excerpt":{"rendered":"<p>Das Haus ist freistehend und besitzt nur ein Nachbarhaus . Die uml\u00edegenden Str\u00e4\u00dfchen sind&nbsp;wenig befahren . Das Grundst\u00fcck ist von Hecken umgeben und daher kaum einsehbar. Man findet zu jeder Zeit sonnige und schattige Pl\u00e4tze f\u00fcr den Liegestuhl. &nbsp;&nbsp;&nbsp;&nbsp;&nbsp;&nbsp;&nbsp;&nbsp;&nbsp;&nbsp;&nbsp;&nbsp;&nbsp;&nbsp;&nbsp;&nbsp;&nbsp;<\/p>\n","protected":false},"author":1,"featured_media":0,"parent":25,"menu_order":1,"comment_status":"closed","ping_status":"closed","template":"","meta":{"ngg_post_thumbnail":0,"footnotes":""},"class_list":["post-20","page","type-page","status-publish","hentry"],"_links":{"self":[{"href":"https:\/\/www.molineros.de\/index.php?rest_route=\/wp\/v2\/pages\/20","targetHints":{"allow":["GET"]}}],"collection":[{"href":"https:\/\/www.molineros.de\/index.php?rest_route=\/wp\/v2\/pages"}],"about":[{"href":"https:\/\/www.molineros.de\/index.php?rest_route=\/wp\/v2\/types\/page"}],"author":[{"embeddable":true,"href":"https:\/\/www.molineros.de\/index.php?rest_route=\/wp\/v2\/users\/1"}],"replies":[{"embeddable":true,"href":"https:\/\/www.molineros.de\/index.php?rest_route=%2Fwp%2Fv2%2Fcomments&post=20"}],"version-history":[{"count":5,"href":"https:\/\/www.molineros.de\/index.php?rest_route=\/wp\/v2\/pages\/20\/revisions"}],"predecessor-version":[{"id":399,"href":"https:\/\/www.molineros.de\/index.php?rest_route=\/wp\/v2\/pages\/20\/revisions\/399"}],"up":[{"embeddable":true,"href":"https:\/\/www.molineros.de\/index.php?rest_route=\/wp\/v2\/pages\/25"}],"wp:attachment":[{"href":"https:\/\/www.molineros.de\/index.php?rest_route=%2Fwp%2Fv2%2Fmedia&parent=20"}],"curies":[{"name":"wp","href":"https:\/\/api.w.org\/{rel}","templated":true}]}}