{"id":65,"date":"2009-02-12T11:26:01","date_gmt":"2009-02-12T10:26:01","guid":{"rendered":"http:\/\/wp.molineros.de\/?page_id=65"},"modified":"2021-07-19T18:41:58","modified_gmt":"2021-07-19T17:41:58","slug":"aktivitaten","status":"publish","type":"page","link":"https:\/\/www.molineros.de\/?page_id=65","title":{"rendered":"Aktivit\u00e4ten (Sport und Feste)"},"content":{"rendered":"<h2>Sport<\/h2>\n<ul>\n<li>Golf&nbsp;&nbsp; : in der Umgebung befinden sich mehrere Golfpl\u00e4tze<br \/>\nGolfplatz Javea<br \/>\n<a href=\"https:\/\/lasellagolf.com\/en\/\" target=\"_blank\" rel=\"noopener noreferrer\">Golfplatz La Sella<\/a><\/li>\n<li>Tennis : in Fussweite gibt es Tennishartpl\u00e4tze , in wenigen Autominuten Aschepl\u00e4tze mit sehr guten Trainern<\/li>\n<li>Tauchen und Schnorcheln : Javea besitzt eines der sch\u00f6nsten Tauchreviere des Mittelmeers<br \/>\nam Ort gibt es mehrere Tauchbasen<\/li>\n<li>Minigolf<\/li>\n<li><a href=\"http:\/\/www.hipicojavea.com\" target=\"_blank\" rel=\"noopener noreferrer\">Reiten&nbsp;&nbsp; <\/a><\/li>\n<li><a href=\"https:\/\/leclercqsurf.com\/\" target=\"_blank\" rel=\"noopener noreferrer\">Segeln&nbsp;und Windsurfen&nbsp;<\/a>&nbsp;<\/li>\n<li><a href=\"https:\/\/www.kartingjavea.es\/\" target=\"_blank\" rel=\"noopener noreferrer\">Go-cart<\/a><\/li>\n<li>Wandern<\/li>\n<\/ul>\n<div id=\"attachment_129\" style=\"width: 510px\" class=\"wp-caption aligncenter\"><img decoding=\"async\" aria-describedby=\"caption-attachment-129\" class=\"size-full wp-image-129\" title=\"H\u00f6hlentauchen\" src=\"http:\/\/wp2.molineros.de\/wp-content\/uploads\/tauchenx.jpg\" alt=\"H\u00f6hlentauchen\" width=\"500\"><p id=\"caption-attachment-129\" class=\"wp-caption-text\">H\u00f6hlentauchen<\/p><\/div>\n<h2><a href=\"http:\/\/www.costablancatourismguide.com\/events-fiestas-in-javea.aspx\" target=\"_blank\" rel=\"noopener noreferrer\">Feste in Javea<\/a>&nbsp;&nbsp;<\/h2>\n<ul>\n<li>Anfang Mai :&nbsp;<!--StartFragment --> Jesus Nazareno<\/li>\n<li>bis 23. Juni :&nbsp; San Juan<\/li>\n<li>Juli : Moros und Christianos<\/li>\n<li>Anfang September : Virgen de Loreto<\/li>\n<\/ul>\n<h2>Mitte M\u00e4rz : <a href=\"http:\/\/www.spanien-abc.com\/Die_Fallas_in_Valencia.621.0.html\" target=\"_blank\" rel=\"noopener noreferrer\">Fallas in Valencia <\/a>und Denia<\/h2>\n<div id=\"attachment_131\" style=\"width: 510px\" class=\"wp-caption aligncenter\"><img decoding=\"async\" aria-describedby=\"caption-attachment-131\" class=\"size-full wp-image-131\" title=\"Fallas in Denia\" src=\"http:\/\/wp2.molineros.de\/wp-content\/uploads\/falls3x.jpg\" alt=\"falls3\" width=\"500\"><p id=\"caption-attachment-131\" class=\"wp-caption-text\">Fallas in Denia<\/p><\/div>\n<div id=\"attachment_132\" style=\"width: 510px\" class=\"wp-caption aligncenter\"><img decoding=\"async\" aria-describedby=\"caption-attachment-132\" class=\"size-full wp-image-132\" title=\"Fallas in Denia\" src=\"http:\/\/wp2.molineros.de\/wp-content\/uploads\/fallsdenia2x.jpg\" alt=\"Fallas in Denia\" width=\"500\"><p id=\"caption-attachment-132\" class=\"wp-caption-text\">Fallas in Denia<\/p><\/div>\n<p><img loading=\"lazy\" decoding=\"async\" class=\"aligncenter size-full wp-image-130\" title=\"Fallas in Denia\" src=\"http:\/\/wp2.molineros.de\/wp-content\/uploads\/fallsdeniax.jpg\" alt=\"Fallas in Denia\" width=\"522\" height=\"572\"><\/p>\n<p style=\"text-align: right;\"><a href=\"https:\/\/www.molineros.de\/?page_id=65&amp;print=1\" title=\"Artkel drucken\" rel=\"nofollow\"><img decoding=\"async\" class=\"WP-PrintIcon\" src=\"https:\/\/www.molineros.de\/wp-content\/plugins\/wp-print\/images\/print.gif\" alt=\"Artkel drucken\" title=\"Artkel drucken\" style=\"border: 0px;\" \/><\/a>&nbsp;<a href=\"https:\/\/www.molineros.de\/?page_id=65&amp;print=1\" title=\"Artkel drucken\" rel=\"nofollow\">Artkel drucken<\/a><a href=\"http:\/\/wp2.molineros.de\/?page_id=80\"><img loading=\"lazy\" decoding=\"async\" class=\"alignright size-full wp-image-156\" title=\"weiter\" src=\"http:\/\/wp.molineros.de\/wp-content\/uploads\/2009\/03\/weiter.gif\" alt=\"weiter\" width=\"49\" height=\"49\"><\/a><\/p>\n","protected":false},"excerpt":{"rendered":"<p>Sport Golf&nbsp;&nbsp; : in der Umgebung befinden sich mehrere Golfpl\u00e4tze Golfplatz Javea Golfplatz La Sella Tennis : in Fussweite gibt es Tennishartpl\u00e4tze , in wenigen Autominuten Aschepl\u00e4tze mit sehr guten Trainern Tauchen und Schnorcheln : Javea besitzt eines der sch\u00f6nsten Tauchreviere des Mittelmeers am Ort gibt es mehrere Tauchbasen Minigolf Reiten&nbsp;&nbsp; Segeln&nbsp;und Windsurfen&nbsp;&nbsp; Go-cart Wandern Feste in Javea&nbsp;&nbsp; Anfang Mai<\/p>\n","protected":false},"author":1,"featured_media":0,"parent":149,"menu_order":32,"comment_status":"closed","ping_status":"closed","template":"","meta":{"ngg_post_thumbnail":0,"footnotes":""},"class_list":["post-65","page","type-page","status-publish","hentry"],"_links":{"self":[{"href":"https:\/\/www.molineros.de\/index.php?rest_route=\/wp\/v2\/pages\/65","targetHints":{"allow":["GET"]}}],"collection":[{"href":"https:\/\/www.molineros.de\/index.php?rest_route=\/wp\/v2\/pages"}],"about":[{"href":"https:\/\/www.molineros.de\/index.php?rest_route=\/wp\/v2\/types\/page"}],"author":[{"embeddable":true,"href":"https:\/\/www.molineros.de\/index.php?rest_route=\/wp\/v2\/users\/1"}],"replies":[{"embeddable":true,"href":"https:\/\/www.molineros.de\/index.php?rest_route=%2Fwp%2Fv2%2Fcomments&post=65"}],"version-history":[{"count":11,"href":"https:\/\/www.molineros.de\/index.php?rest_route=\/wp\/v2\/pages\/65\/revisions"}],"predecessor-version":[{"id":364,"href":"https:\/\/www.molineros.de\/index.php?rest_route=\/wp\/v2\/pages\/65\/revisions\/364"}],"up":[{"embeddable":true,"href":"https:\/\/www.molineros.de\/index.php?rest_route=\/wp\/v2\/pages\/149"}],"wp:attachment":[{"href":"https:\/\/www.molineros.de\/index.php?rest_route=%2Fwp%2Fv2%2Fmedia&parent=65"}],"curies":[{"name":"wp","href":"https:\/\/api.w.org\/{rel}","templated":true}]}}